{"id":16,"date":"2025-08-13T18:14:49","date_gmt":"2025-08-13T16:14:49","guid":{"rendered":"http:\/\/inside-europa.eu\/?page_id=16"},"modified":"2025-08-14T15:50:57","modified_gmt":"2025-08-14T13:50:57","slug":"inside-europe-statisch","status":"publish","type":"page","link":"https:\/\/inside-europa.eu\/en\/","title":{"rendered":"Inside Europe"},"content":{"rendered":"<div class=\"wp-block-group has-global-padding is-layout-constrained wp-block-group-is-layout-constrained\">\n<h3 class=\"wp-block-heading\"><strong>What's happening in Brussels...?<\/strong><\/h3>\n\n\n\n<p>Unser Kontinent steht aktuell vor gro\u00dfen Herausforderungen, deshalb ist es umso wichtiger, dass wir \u00fcber die Europ\u00e4ische Union Bescheid wissen.<strong><\/strong><\/p>\n\n\n\n<p>Wie kooperieren die Institutionen der Europ\u00e4ischen Union? Welche Fraktionen sind im Europ\u00e4ischen Parlament vertreten? Welche M\u00f6glichkeiten gibt es zum Berufseinstieg in Br\u00fcssel?<\/p>\n\n\n\n<p>Ziel meines Angebotes ist es, Wissen \u00fcber die Europ\u00e4ische Union zu vermitteln und aus erster Hand zu erfahren, wie diese funktioniert, wie sie sich auf unseren Alltag auswirkt und wie wir sie aktiv mitgestalten k\u00f6nnen.<\/p>\n\n\n\n<p>Durch konkrete, praktische Beispiele aus dem Berufsalltag von EU-Beamt*innen, interaktive Diskussionsm\u00f6glichkeiten mit Akteur*innen in Br\u00fcssel und Reisen zu den Europ\u00e4ischen Institutionen werden nicht nur diese Fragen beantwortet, sondern auch Instrumente zur Mitbestimmung aufgezeigt.<\/p>\n\n\n\n<p>Gemeinsam werden wir EU-Politik hautnah miterleben und so verstehen, wieso wir jeden Tag in verschiedensten Bereichen unseres Lebens mit der Europ\u00e4ischen Union zu tun haben.<\/p>\n\n\n\n<p>Denn wir alle sind Europa!<\/p>\n<\/div>","protected":false},"excerpt":{"rendered":"<p>Was passiert eigentlich in Br\u00fcssel&#8230; Unser Kontinent steht aktuell vor gro\u00dfen Herausforderungen, deshalb ist es umso wichtiger, dass wir \u00fcber die Europ\u00e4ische Union Bescheid wissen. Wie kooperieren die Institutionen der Europ\u00e4ischen Union? Welche Fraktionen sind im Europ\u00e4ischen Parlament vertreten? Welche M\u00f6glichkeiten gibt es zum Berufseinstieg in Br\u00fcssel? Ziel meines Angebotes ist es, Wissen \u00fcber die [&hellip;]<\/p>","protected":false},"author":1,"featured_media":0,"parent":0,"menu_order":0,"comment_status":"closed","ping_status":"closed","template":"page-featured-cover","meta":{"footnotes":""},"class_list":["post-16","page","type-page","status-publish","hentry"],"yoast_head":"<!-- This site is optimized with the Yoast SEO plugin v26.5 - https:\/\/yoast.com\/wordpress\/plugins\/seo\/ -->\n<title>Inside Europa - Inside Europa<\/title>\n<meta name=\"robots\" content=\"index, follow, max-snippet:-1, max-image-preview:large, max-video-preview:-1\" \/>\n<link rel=\"canonical\" href=\"https:\/\/inside-europa.eu\/en\/\" \/>\n<meta property=\"og:locale\" content=\"en_GB\" \/>\n<meta property=\"og:type\" content=\"article\" \/>\n<meta property=\"og:title\" content=\"Inside Europa - Inside Europa\" \/>\n<meta property=\"og:description\" content=\"Was passiert eigentlich in Br\u00fcssel&#8230; Unser Kontinent steht aktuell vor gro\u00dfen Herausforderungen, deshalb ist es umso wichtiger, dass wir \u00fcber die Europ\u00e4ische Union Bescheid wissen. Wie kooperieren die Institutionen der Europ\u00e4ischen Union? Welche Fraktionen sind im Europ\u00e4ischen Parlament vertreten? Welche M\u00f6glichkeiten gibt es zum Berufseinstieg in Br\u00fcssel? Ziel meines Angebotes ist es, Wissen \u00fcber die [&hellip;]\" \/>\n<meta property=\"og:url\" content=\"https:\/\/inside-europa.eu\/en\/\" \/>\n<meta property=\"og:site_name\" content=\"Inside Europa\" \/>\n<meta property=\"article:modified_time\" content=\"2025-08-14T13:50:57+00:00\" \/>\n<meta name=\"twitter:card\" content=\"summary_large_image\" \/>\n<meta name=\"twitter:label1\" content=\"Estimated reading time\" \/>\n\t<meta name=\"twitter:data1\" content=\"1 minute\" \/>\n<script type=\"application\/ld+json\" class=\"yoast-schema-graph\">{\"@context\":\"https:\/\/schema.org\",\"@graph\":[{\"@type\":\"WebPage\",\"@id\":\"https:\/\/inside-europa.eu\/\",\"url\":\"https:\/\/inside-europa.eu\/\",\"name\":\"Inside Europa - Inside Europa\",\"isPartOf\":{\"@id\":\"https:\/\/inside-europa.eu\/#website\"},\"datePublished\":\"2025-08-13T16:14:49+00:00\",\"dateModified\":\"2025-08-14T13:50:57+00:00\",\"breadcrumb\":{\"@id\":\"https:\/\/inside-europa.eu\/#breadcrumb\"},\"inLanguage\":\"en-GB\",\"potentialAction\":[{\"@type\":\"ReadAction\",\"target\":[\"https:\/\/inside-europa.eu\/\"]}]},{\"@type\":\"BreadcrumbList\",\"@id\":\"https:\/\/inside-europa.eu\/#breadcrumb\",\"itemListElement\":[{\"@type\":\"ListItem\",\"position\":1,\"name\":\"Home\",\"item\":\"https:\/\/inside-europa.eu\/\"},{\"@type\":\"ListItem\",\"position\":2,\"name\":\"Inside Europa\"}]},{\"@type\":\"WebSite\",\"@id\":\"https:\/\/inside-europa.eu\/#website\",\"url\":\"https:\/\/inside-europa.eu\/\",\"name\":\"Inside Europa\",\"description\":\"Grundkurse, Webinare und Basiswissen zur Europ\u00e4ischen Union\",\"alternateName\":\"Inside Europa\",\"potentialAction\":[{\"@type\":\"SearchAction\",\"target\":{\"@type\":\"EntryPoint\",\"urlTemplate\":\"https:\/\/inside-europa.eu\/?s={search_term_string}\"},\"query-input\":{\"@type\":\"PropertyValueSpecification\",\"valueRequired\":true,\"valueName\":\"search_term_string\"}}],\"inLanguage\":\"en-GB\"}]}<\/script>\n<!-- \/ Yoast SEO plugin. -->","yoast_head_json":{"title":"Inside Europa - Inside Europa","robots":{"index":"index","follow":"follow","max-snippet":"max-snippet:-1","max-image-preview":"max-image-preview:large","max-video-preview":"max-video-preview:-1"},"canonical":"https:\/\/inside-europa.eu\/en\/","og_locale":"en_GB","og_type":"article","og_title":"Inside Europa - Inside Europa","og_description":"Was passiert eigentlich in Br\u00fcssel&#8230; Unser Kontinent steht aktuell vor gro\u00dfen Herausforderungen, deshalb ist es umso wichtiger, dass wir \u00fcber die Europ\u00e4ische Union Bescheid wissen. Wie kooperieren die Institutionen der Europ\u00e4ischen Union? Welche Fraktionen sind im Europ\u00e4ischen Parlament vertreten? Welche M\u00f6glichkeiten gibt es zum Berufseinstieg in Br\u00fcssel? Ziel meines Angebotes ist es, Wissen \u00fcber die [&hellip;]","og_url":"https:\/\/inside-europa.eu\/en\/","og_site_name":"Inside Europa","article_modified_time":"2025-08-14T13:50:57+00:00","twitter_card":"summary_large_image","twitter_misc":{"Estimated reading time":"1 minute"},"schema":{"@context":"https:\/\/schema.org","@graph":[{"@type":"WebPage","@id":"https:\/\/inside-europa.eu\/","url":"https:\/\/inside-europa.eu\/","name":"Inside Europa - Inside Europa","isPartOf":{"@id":"https:\/\/inside-europa.eu\/#website"},"datePublished":"2025-08-13T16:14:49+00:00","dateModified":"2025-08-14T13:50:57+00:00","breadcrumb":{"@id":"https:\/\/inside-europa.eu\/#breadcrumb"},"inLanguage":"en-GB","potentialAction":[{"@type":"ReadAction","target":["https:\/\/inside-europa.eu\/"]}]},{"@type":"BreadcrumbList","@id":"https:\/\/inside-europa.eu\/#breadcrumb","itemListElement":[{"@type":"ListItem","position":1,"name":"Home","item":"https:\/\/inside-europa.eu\/"},{"@type":"ListItem","position":2,"name":"Inside Europa"}]},{"@type":"WebSite","@id":"https:\/\/inside-europa.eu\/#website","url":"https:\/\/inside-europa.eu\/","name":"Inside Europe","description":"Grundkurse, Webinare und Basiswissen zur Europ\u00e4ischen Union","alternateName":"Inside Europa","potentialAction":[{"@type":"SearchAction","target":{"@type":"EntryPoint","urlTemplate":"https:\/\/inside-europa.eu\/?s={search_term_string}"},"query-input":{"@type":"PropertyValueSpecification","valueRequired":true,"valueName":"search_term_string"}}],"inLanguage":"en-GB"}]}},"_links":{"self":[{"href":"https:\/\/inside-europa.eu\/en\/wp-json\/wp\/v2\/pages\/16","targetHints":{"allow":["GET"]}}],"collection":[{"href":"https:\/\/inside-europa.eu\/en\/wp-json\/wp\/v2\/pages"}],"about":[{"href":"https:\/\/inside-europa.eu\/en\/wp-json\/wp\/v2\/types\/page"}],"author":[{"embeddable":true,"href":"https:\/\/inside-europa.eu\/en\/wp-json\/wp\/v2\/users\/1"}],"replies":[{"embeddable":true,"href":"https:\/\/inside-europa.eu\/en\/wp-json\/wp\/v2\/comments?post=16"}],"version-history":[{"count":10,"href":"https:\/\/inside-europa.eu\/en\/wp-json\/wp\/v2\/pages\/16\/revisions"}],"predecessor-version":[{"id":151,"href":"https:\/\/inside-europa.eu\/en\/wp-json\/wp\/v2\/pages\/16\/revisions\/151"}],"wp:attachment":[{"href":"https:\/\/inside-europa.eu\/en\/wp-json\/wp\/v2\/media?parent=16"}],"curies":[{"name":"wp","href":"https:\/\/api.w.org\/{rel}","templated":true}]}}