{"id":93,"date":"2025-08-13T22:03:18","date_gmt":"2025-08-13T20:03:18","guid":{"rendered":"http:\/\/inside-europa.eu\/?page_id=93"},"modified":"2025-08-14T16:36:54","modified_gmt":"2025-08-14T14:36:54","slug":"interdisziplinaeres-wahlfach-studienreise","status":"publish","type":"page","link":"https:\/\/inside-europa.eu\/en\/angebot\/interdisziplinaeres-wahlfach-studienreise\/","title":{"rendered":"Interdisziplin\u00e4res Wahlfach \/ Studienreise"},"content":{"rendered":"<h2 class=\"wp-block-heading\"><strong>Studienreise zu den EU-Institutionen in Br\u00fcssel  &#8211; Basic Package<\/strong><\/h2>\n\n\n\n<ul class=\"wp-block-list\">\n<li>Verst\u00e4ndnis des rechtlichen Rahmens und der historischen Meilensteine der europ\u00e4ischen Integration<\/li>\n\n\n\n<li>Verst\u00e4ndnis der politischen Prozesse in der Europ\u00e4ischen Union (Entscheidungsfindung in der EU)<\/li>\n\n\n\n<li>Verst\u00e4ndnis der Auswirkungen von Europapolitik auf unser t\u00e4gliches Leben \/ Mitgestaltungsm\u00f6glichkeiten<\/li>\n<\/ul>\n\n\n\n<p>Highlights: Europ\u00e4ische Kommission, Europ\u00e4isches Parlament, Rat der EU, National- und Regionalvertretung, etc.<\/p>\n\n\n\n<p>30 Unterrichtseinheiten (UE):<\/p>\n\n\n\n<ul class=\"wp-block-list\">\n<li>4 UE Grundkenntnisse zur Europ\u00e4ische Union (in Pr\u00e4senz oder Online)<\/li>\n\n\n\n<li>2 UE Organisatorisches zur Reise (in Pr\u00e4senz oder Online)<\/li>\n\n\n\n<li>24 UE Vor Ort in Br\u00fcssel (3 Tage exklusive An- und Abreise)<\/li>\n<\/ul>\n\n\n\n<h2 class=\"wp-block-heading\"><strong>Studienreise zu den EU Institutionen in Br\u00fcssel &#8211; Premium Package<\/strong><\/h2>\n\n\n\n<ul class=\"wp-block-list\">\n<li>Verst\u00e4ndnis von EU-Politik in bestimmten Themenbereichen (bspw. Nachhaltigkeit, Digitalisierung, Soziales)<\/li>\n\n\n\n<li>Verstehen und Analysieren aktueller politischer Probleme der EU<\/li>\n\n\n\n<li>Interessenvertretung und externe Einflussnahme am politischen Gesetzgebungsprozess<\/li>\n<\/ul>\n\n\n\n<p>40 Unterrichtseinheiten (UE): <\/p>\n\n\n\n<p>Inkludiert alles aus dem Basic Package, plus: <\/p>\n\n\n\n<ul class=\"wp-block-list\">\n<li><strong>3 UE Expert*innendiskussion &#8222;Lobbying in der EU&#8220;<\/strong><\/li>\n\n\n\n<li><strong>3 UE Event &#8222;Networking mit EU Beamt*innen&#8220;<\/strong> <\/li>\n\n\n\n<li><strong>4 UE Themenschwerpunkt (bspw. Nachhaltigkeit, Digitalisierung, Soziales)<\/strong><\/li>\n<\/ul>\n\n\n\n<figure class=\"wp-block-video\"><video height=\"850\" style=\"aspect-ratio: 478 \/ 850;\" width=\"478\" controls src=\"https:\/\/inside-europa.eu\/wp-content\/uploads\/2025\/08\/VID-20241121-WA0004.mp4\" playsinline><\/video><\/figure>","protected":false},"excerpt":{"rendered":"<p>Studienreise zu den EU-Institutionen in Br\u00fcssel &#8211; Basic Package Highlights: Europ\u00e4ische Kommission, Europ\u00e4isches Parlament, Rat der EU, National- und Regionalvertretung, etc. 30 Unterrichtseinheiten (UE): Studienreise zu den EU Institutionen in Br\u00fcssel &#8211; Premium Package 40 Unterrichtseinheiten (UE): Inkludiert alles aus dem Basic Package, plus:<\/p>","protected":false},"author":1,"featured_media":0,"parent":88,"menu_order":0,"comment_status":"closed","ping_status":"closed","template":"page-nocomments-nosidebar","meta":{"footnotes":""},"class_list":["post-93","page","type-page","status-publish","hentry"],"yoast_head":"<!-- This site is optimized with the Yoast SEO plugin v26.5 - https:\/\/yoast.com\/wordpress\/plugins\/seo\/ -->\n<title>Interdisziplin\u00e4res Wahlfach \/ Studienreise - Inside Europa<\/title>\n<meta name=\"robots\" content=\"index, follow, max-snippet:-1, max-image-preview:large, max-video-preview:-1\" \/>\n<link rel=\"canonical\" href=\"https:\/\/inside-europa.eu\/en\/angebot\/interdisziplinaeres-wahlfach-studienreise\/\" \/>\n<meta property=\"og:locale\" content=\"en_GB\" \/>\n<meta property=\"og:type\" content=\"article\" \/>\n<meta property=\"og:title\" content=\"Interdisziplin\u00e4res Wahlfach \/ Studienreise - Inside Europa\" \/>\n<meta property=\"og:description\" content=\"Studienreise zu den EU-Institutionen in Br\u00fcssel &#8211; Basic Package Highlights: Europ\u00e4ische Kommission, Europ\u00e4isches Parlament, Rat der EU, National- und Regionalvertretung, etc. 30 Unterrichtseinheiten (UE): Studienreise zu den EU Institutionen in Br\u00fcssel &#8211; Premium Package 40 Unterrichtseinheiten (UE): Inkludiert alles aus dem Basic Package, plus:\" \/>\n<meta property=\"og:url\" content=\"https:\/\/inside-europa.eu\/en\/angebot\/interdisziplinaeres-wahlfach-studienreise\/\" \/>\n<meta property=\"og:site_name\" content=\"Inside Europa\" \/>\n<meta property=\"article:modified_time\" content=\"2025-08-14T14:36:54+00:00\" \/>\n<meta name=\"twitter:card\" content=\"summary_large_image\" \/>\n<meta name=\"twitter:label1\" content=\"Estimated reading time\" \/>\n\t<meta name=\"twitter:data1\" content=\"1 minute\" \/>\n<script type=\"application\/ld+json\" class=\"yoast-schema-graph\">{\"@context\":\"https:\/\/schema.org\",\"@graph\":[{\"@type\":\"WebPage\",\"@id\":\"https:\/\/inside-europa.eu\/angebot\/interdisziplinaeres-wahlfach-studienreise\/\",\"url\":\"https:\/\/inside-europa.eu\/angebot\/interdisziplinaeres-wahlfach-studienreise\/\",\"name\":\"Interdisziplin\u00e4res Wahlfach \/ Studienreise - Inside Europa\",\"isPartOf\":{\"@id\":\"https:\/\/inside-europa.eu\/#website\"},\"datePublished\":\"2025-08-13T20:03:18+00:00\",\"dateModified\":\"2025-08-14T14:36:54+00:00\",\"breadcrumb\":{\"@id\":\"https:\/\/inside-europa.eu\/angebot\/interdisziplinaeres-wahlfach-studienreise\/#breadcrumb\"},\"inLanguage\":\"en-GB\",\"potentialAction\":[{\"@type\":\"ReadAction\",\"target\":[\"https:\/\/inside-europa.eu\/angebot\/interdisziplinaeres-wahlfach-studienreise\/\"]}]},{\"@type\":\"BreadcrumbList\",\"@id\":\"https:\/\/inside-europa.eu\/angebot\/interdisziplinaeres-wahlfach-studienreise\/#breadcrumb\",\"itemListElement\":[{\"@type\":\"ListItem\",\"position\":1,\"name\":\"Home\",\"item\":\"https:\/\/inside-europa.eu\/\"},{\"@type\":\"ListItem\",\"position\":2,\"name\":\"Angebot\",\"item\":\"https:\/\/inside-europa.eu\/angebot\/\"},{\"@type\":\"ListItem\",\"position\":3,\"name\":\"Interdisziplin\u00e4res Wahlfach \/ Studienreise\"}]},{\"@type\":\"WebSite\",\"@id\":\"https:\/\/inside-europa.eu\/#website\",\"url\":\"https:\/\/inside-europa.eu\/\",\"name\":\"Inside Europa\",\"description\":\"Grundkurse, Webinare und Basiswissen zur Europ\u00e4ischen Union\",\"alternateName\":\"Inside Europa\",\"potentialAction\":[{\"@type\":\"SearchAction\",\"target\":{\"@type\":\"EntryPoint\",\"urlTemplate\":\"https:\/\/inside-europa.eu\/?s={search_term_string}\"},\"query-input\":{\"@type\":\"PropertyValueSpecification\",\"valueRequired\":true,\"valueName\":\"search_term_string\"}}],\"inLanguage\":\"en-GB\"}]}<\/script>\n<!-- \/ Yoast SEO plugin. -->","yoast_head_json":{"title":"Interdisziplin\u00e4res Wahlfach \/ Studienreise - Inside Europa","robots":{"index":"index","follow":"follow","max-snippet":"max-snippet:-1","max-image-preview":"max-image-preview:large","max-video-preview":"max-video-preview:-1"},"canonical":"https:\/\/inside-europa.eu\/en\/angebot\/interdisziplinaeres-wahlfach-studienreise\/","og_locale":"en_GB","og_type":"article","og_title":"Interdisziplin\u00e4res Wahlfach \/ Studienreise - Inside Europa","og_description":"Studienreise zu den EU-Institutionen in Br\u00fcssel &#8211; Basic Package Highlights: Europ\u00e4ische Kommission, Europ\u00e4isches Parlament, Rat der EU, National- und Regionalvertretung, etc. 30 Unterrichtseinheiten (UE): Studienreise zu den EU Institutionen in Br\u00fcssel &#8211; Premium Package 40 Unterrichtseinheiten (UE): Inkludiert alles aus dem Basic Package, plus:","og_url":"https:\/\/inside-europa.eu\/en\/angebot\/interdisziplinaeres-wahlfach-studienreise\/","og_site_name":"Inside Europa","article_modified_time":"2025-08-14T14:36:54+00:00","twitter_card":"summary_large_image","twitter_misc":{"Estimated reading time":"1 minute"},"schema":{"@context":"https:\/\/schema.org","@graph":[{"@type":"WebPage","@id":"https:\/\/inside-europa.eu\/angebot\/interdisziplinaeres-wahlfach-studienreise\/","url":"https:\/\/inside-europa.eu\/angebot\/interdisziplinaeres-wahlfach-studienreise\/","name":"Interdisziplin\u00e4res Wahlfach \/ Studienreise - Inside Europa","isPartOf":{"@id":"https:\/\/inside-europa.eu\/#website"},"datePublished":"2025-08-13T20:03:18+00:00","dateModified":"2025-08-14T14:36:54+00:00","breadcrumb":{"@id":"https:\/\/inside-europa.eu\/angebot\/interdisziplinaeres-wahlfach-studienreise\/#breadcrumb"},"inLanguage":"en-GB","potentialAction":[{"@type":"ReadAction","target":["https:\/\/inside-europa.eu\/angebot\/interdisziplinaeres-wahlfach-studienreise\/"]}]},{"@type":"BreadcrumbList","@id":"https:\/\/inside-europa.eu\/angebot\/interdisziplinaeres-wahlfach-studienreise\/#breadcrumb","itemListElement":[{"@type":"ListItem","position":1,"name":"Home","item":"https:\/\/inside-europa.eu\/"},{"@type":"ListItem","position":2,"name":"Angebot","item":"https:\/\/inside-europa.eu\/angebot\/"},{"@type":"ListItem","position":3,"name":"Interdisziplin\u00e4res Wahlfach \/ Studienreise"}]},{"@type":"WebSite","@id":"https:\/\/inside-europa.eu\/#website","url":"https:\/\/inside-europa.eu\/","name":"Inside Europe","description":"Grundkurse, Webinare und Basiswissen zur Europ\u00e4ischen Union","alternateName":"Inside Europa","potentialAction":[{"@type":"SearchAction","target":{"@type":"EntryPoint","urlTemplate":"https:\/\/inside-europa.eu\/?s={search_term_string}"},"query-input":{"@type":"PropertyValueSpecification","valueRequired":true,"valueName":"search_term_string"}}],"inLanguage":"en-GB"}]}},"_links":{"self":[{"href":"https:\/\/inside-europa.eu\/en\/wp-json\/wp\/v2\/pages\/93","targetHints":{"allow":["GET"]}}],"collection":[{"href":"https:\/\/inside-europa.eu\/en\/wp-json\/wp\/v2\/pages"}],"about":[{"href":"https:\/\/inside-europa.eu\/en\/wp-json\/wp\/v2\/types\/page"}],"author":[{"embeddable":true,"href":"https:\/\/inside-europa.eu\/en\/wp-json\/wp\/v2\/users\/1"}],"replies":[{"embeddable":true,"href":"https:\/\/inside-europa.eu\/en\/wp-json\/wp\/v2\/comments?post=93"}],"version-history":[{"count":8,"href":"https:\/\/inside-europa.eu\/en\/wp-json\/wp\/v2\/pages\/93\/revisions"}],"predecessor-version":[{"id":159,"href":"https:\/\/inside-europa.eu\/en\/wp-json\/wp\/v2\/pages\/93\/revisions\/159"}],"up":[{"embeddable":true,"href":"https:\/\/inside-europa.eu\/en\/wp-json\/wp\/v2\/pages\/88"}],"wp:attachment":[{"href":"https:\/\/inside-europa.eu\/en\/wp-json\/wp\/v2\/media?parent=93"}],"curies":[{"name":"wp","href":"https:\/\/api.w.org\/{rel}","templated":true}]}}